{"id":1541,"date":"2021-08-29T06:28:33","date_gmt":"2021-08-29T06:28:33","guid":{"rendered":"https:\/\/smartdata.tonytemplates.com\/cleaning-service-v3\/demo1\/?page_id=1541"},"modified":"2024-09-29T16:36:32","modified_gmt":"2024-09-29T16:36:32","slug":"rreth-nesh","status":"publish","type":"page","link":"https:\/\/semi-cleaning.com\/en\/rreth-nesh\/","title":{"rendered":"About Us"},"content":{"rendered":"<div data-elementor-type=\"wp-page\" data-elementor-id=\"1541\" class=\"elementor elementor-1541\">\n\t\t\t\t\t\t<section class=\"elementor-section elementor-top-section elementor-element elementor-element-1c452a81 elementor-section-full_width elementor-section-height-default elementor-section-height-default\" data-id=\"1c452a81\" data-element_type=\"section\" data-e-type=\"section\">\n\t\t\t\t\t\t<div class=\"elementor-container elementor-column-gap-no\">\n\t\t\t\t\t<div class=\"elementor-column elementor-col-100 elementor-top-column elementor-element elementor-element-4e6d3adc\" data-id=\"4e6d3adc\" data-element_type=\"column\" data-e-type=\"column\">\n\t\t\t<div class=\"elementor-widget-wrap elementor-element-populated\">\n\t\t\t\t\t\t<div class=\"elementor-element elementor-element-5761eee6 elementor-widget elementor-widget-cleaning_about_company\" data-id=\"5761eee6\" data-element_type=\"widget\" data-e-type=\"widget\" data-widget_type=\"cleaning_about_company.default\">\n\t\t\t\t<div class=\"elementor-widget-container\">\n\t\t\t\t\t        <div class=\"block fullwidth no-pad cleaning-about-company\">\n            <div class=\"container\">\n                \t\t\t\t<h1 class=\"text-center h-decor\">\n\t\t\t\t\tAbout our company!\t\t\t\t<\/h1>\n\t\t\t                                 <div class=\"divider\"><\/div>\n                <div class=\"row-flex-text\">\n                    <div class=\"col-50 bg-cover hide-bg-sm\" data-bg=\"https:\/\/semi-cleaning.com\/wp-content\/uploads\/2024\/09\/WhatsApp-Image-2024-09-29-at-18.36.20_0da3bbed.jpg\" style=\"background-image: url(https:\/\/semi-cleaning.com\/wp-content\/uploads\/2024\/09\/WhatsApp-Image-2024-09-29-at-18.36.20_0da3bbed.jpg);\">\n                        <div class=\"visible-sm visible-xs\"><img decoding=\"async\" src=\"https:\/\/semi-cleaning.com\/wp-content\/uploads\/2024\/09\/WhatsApp-Image-2024-09-29-at-18.36.20_0da3bbed.jpg\" class=\"img-fullwidth\" loading=\"lazy\" alt=\"About Us\"><\/div>\n                    <\/div>\n                    <div class=\"col-50 bg-text\">\n                        <div class=\"bg-text-inside\">\n                            <h4>Brenda, jasht\u00eb apo mbi objekte, ofrojm\u00eb sh\u00ebrbime p\u00ebrfekte! <\/h4>\n                            \nSemi Cleaning \u00ebsht\u00eb kompani e profesionalizuar n\u00eb ofrimin e sh\u00ebrbimeve si: \n*Pastrim i xhamave dhe fasad\u00ebs strukturale. \n*Pastrim gjeneral i objekteve afariste. \n*Sh\u00ebrbime me kran\u00eb n\u00eb lart\u00ebsi deri n\u00eb 36 metra (brenda dhe jasht\u00eb objekteve). \n*Sh\u00ebrbime me litar nga \u00e7do lart\u00ebsi me ekip\u00ebn e alpinist\u00ebve t\u00eb \u00e7ertifikuar nga IRATA.\n*Ofrojm\u00eb me qira makinerit\u00eb tona (Kran me korp\u00eb: 2x26m | 34m | 36m merimang\u00eb) p\u00ebr bartje t\u00eb produkteve apo sh\u00ebrbimeve tjera me \u00e7mime shum\u00eb t\u00eb volitshme. \n\nKlientit i garantojm\u00eb knaqshm\u00ebri n\u00eb sh\u00ebrbim me: \n-Staf profesional \n-Makineri (kran me korp\u00eb) p\u00ebr sh\u00ebrbime n\u00eb lart\u00ebsi deri n\u00eb 36m. \n-Pajisje me \u00e7ertifikata nga prodhuesi si dhe preparate profesionale p\u00ebr pastrim. \n\n                        <\/div>\n                    <\/div>\n                <\/div>\n            <\/div>\n        <\/div>\n\t\t\t\t<\/div>\n\t\t\t\t<\/div>\n\t\t\t\t\t<\/div>\n\t\t<\/div>\n\t\t\t\t\t<\/div>\n\t\t<\/section>\n\t\t\t\t<section class=\"elementor-section elementor-top-section elementor-element elementor-element-16cf65f5 elementor-section-full_width elementor-section-height-default elementor-section-height-default\" data-id=\"16cf65f5\" data-element_type=\"section\" data-e-type=\"section\">\n\t\t\t\t\t\t<div class=\"elementor-container elementor-column-gap-default\">\n\t\t\t\t\t<div class=\"elementor-column elementor-col-100 elementor-top-column elementor-element elementor-element-18b485f1\" data-id=\"18b485f1\" data-element_type=\"column\" data-e-type=\"column\">\n\t\t\t<div class=\"elementor-widget-wrap elementor-element-populated\">\n\t\t\t\t\t\t<div class=\"elementor-element elementor-element-37c5262f elementor-widget elementor-widget-cleaning_team_member\" data-id=\"37c5262f\" data-element_type=\"widget\" data-e-type=\"widget\" data-widget_type=\"cleaning_team_member.default\">\n\t\t\t\t<div class=\"elementor-widget-container\">\n\t\t\t\t\t<div class=\"block\">\n    <div class=\"container\">\n        \t\t\t\t<h2 class=\"text-center h-lg h-decor\">\n\t\t\t\t\tOur team\t\t\t\t<\/h2>\n\t\t\t                    <p class=\"text-center\">SEMI Cleaning in its team has real professionals, trained and specialized for our services.<\/p>\n                <div class=\"row person-carousel\" id=\"team_member\" data-team='{\"mobileFirst\":false,\"slidesToShow\":3,\"slidesToScroll\":1,\"infinite\":true,\"autoplay\":true,\"autoplaySpeed\":\"2500\",\"dots\":true,\"arrows\":false}'>\n                   <div class=\"col-md-3 col-sm-4 col-xs-12 person\">\n                <div class=\"person-img\">\n                <img fetchpriority=\"high\" decoding=\"async\" width=\"720\" height=\"728\" src=\"https:\/\/semi-cleaning.com\/wp-content\/uploads\/2021\/11\/8.jpg\" class=\"attachment-full size-full\" alt=\"\" srcset=\"https:\/\/semi-cleaning.com\/wp-content\/uploads\/2021\/11\/8.jpg 720w, https:\/\/semi-cleaning.com\/wp-content\/uploads\/2021\/11\/8-297x300.jpg 297w, https:\/\/semi-cleaning.com\/wp-content\/uploads\/2021\/11\/8-12x12.jpg 12w, https:\/\/semi-cleaning.com\/wp-content\/uploads\/2021\/11\/8-478x483.jpg 478w\" sizes=\"(max-width: 720px) 100vw, 720px\" \/><ul class=\"social-list\">\n\t\t\t\t\t\t\t\t<li><a href=\"https:\/\/www.facebook.com\/ardian.berisha.7370\"><i class=\"icon-facebook-logo1\"><\/i><\/a><\/li>\n\t\t\t\t\t\t\t\t\n\t\t\t\t\t\t\t\t\n\t\t\t\t\t\t\t<\/ul>                <\/div>\n                <h3 class=\"person-name\">Ardian Berisha<\/h3>\n                <h6 class=\"person-position\">Pronar<\/h6>\n                <div class=\"person-divider\"><\/div>\n                <p class=\"person-text\"><\/p>\n            <\/div>\n                    <div class=\"col-md-3 col-sm-4 col-xs-12 person\">\n                <div class=\"person-img\">\n                <img decoding=\"async\" width=\"720\" height=\"720\" src=\"https:\/\/semi-cleaning.com\/wp-content\/uploads\/2021\/11\/profile1.png\" class=\"attachment-full size-full\" alt=\"\" srcset=\"https:\/\/semi-cleaning.com\/wp-content\/uploads\/2021\/11\/profile1.png 720w, https:\/\/semi-cleaning.com\/wp-content\/uploads\/2021\/11\/profile1-300x300.png 300w, https:\/\/semi-cleaning.com\/wp-content\/uploads\/2021\/11\/profile1-150x150.png 150w, https:\/\/semi-cleaning.com\/wp-content\/uploads\/2021\/11\/profile1-12x12.png 12w, https:\/\/semi-cleaning.com\/wp-content\/uploads\/2021\/11\/profile1-483x483.png 483w, https:\/\/semi-cleaning.com\/wp-content\/uploads\/2021\/11\/profile1-309x309.png 309w, https:\/\/semi-cleaning.com\/wp-content\/uploads\/2021\/11\/profile1-369x369.png 369w\" sizes=\"(max-width: 720px) 100vw, 720px\" \/><ul class=\"social-list\">\n\t\t\t\t\t\t\t\t<li><a href=\"https:\/\/www.facebook.com\/SEMI.CLEANING\"><i class=\"icon-facebook-logo1\"><\/i><\/a><\/li>\n\t\t\t\t\t\t\t\t\n\t\t\t\t\t\t\t<\/ul>                <\/div>\n                <h3 class=\"person-name\">Asdren Berisha<\/h3>\n                <h6 class=\"person-position\">Bashk\u00ebpronar<\/h6>\n                <div class=\"person-divider\"><\/div>\n                <p class=\"person-text\"><\/p>\n            <\/div>\n                    <div class=\"col-md-3 col-sm-4 col-xs-12 person\">\n                <div class=\"person-img\">\n                <img decoding=\"async\" width=\"512\" height=\"512\" src=\"https:\/\/semi-cleaning.com\/wp-content\/uploads\/2021\/11\/profile2.png\" class=\"attachment-full size-full\" alt=\"\" srcset=\"https:\/\/semi-cleaning.com\/wp-content\/uploads\/2021\/11\/profile2.png 512w, https:\/\/semi-cleaning.com\/wp-content\/uploads\/2021\/11\/profile2-300x300.png 300w, https:\/\/semi-cleaning.com\/wp-content\/uploads\/2021\/11\/profile2-150x150.png 150w, https:\/\/semi-cleaning.com\/wp-content\/uploads\/2021\/11\/profile2-12x12.png 12w, https:\/\/semi-cleaning.com\/wp-content\/uploads\/2021\/11\/profile2-483x483.png 483w, https:\/\/semi-cleaning.com\/wp-content\/uploads\/2021\/11\/profile2-309x309.png 309w, https:\/\/semi-cleaning.com\/wp-content\/uploads\/2021\/11\/profile2-369x369.png 369w\" sizes=\"(max-width: 512px) 100vw, 512px\" \/><ul class=\"social-list\">\n\t\t\t\t\t\t\t\t<li><a href=\"https:\/\/www.facebook.com\/armir.berisha.104\"><i class=\"icon-facebook-logo1\"><\/i><\/a><\/li>\n\t\t\t\t\t\t\t\t\n\t\t\t\t\t\t\t<\/ul>                <\/div>\n                <h3 class=\"person-name\">Armir Berisha<\/h3>\n                <h6 class=\"person-position\">Menaxher<\/h6>\n                <div class=\"person-divider\"><\/div>\n                <p class=\"person-text\"><\/p>\n            <\/div>\n                    <div class=\"col-md-3 col-sm-4 col-xs-12 person\">\n                <div class=\"person-img\">\n                \t\t\t\t\t\t\t<img decoding=\"async\" src=\"https:\/\/semi-cleaning.com\/wp-content\/plugins\/elementor\/assets\/images\/placeholder.png\" alt=\"\">\n\t\t\t\t\t\t\t                <\/div>\n                <h3 class=\"person-name\">Driton Berisha<\/h3>\n                <h6 class=\"person-position\">Administrator<\/h6>\n                <div class=\"person-divider\"><\/div>\n                <p class=\"person-text\"><\/p>\n            <\/div>\n                <\/div>\n    <\/div>\n<\/div>\n\t\t\t\t<\/div>\n\t\t\t\t<\/div>\n\t\t\t\t\t<\/div>\n\t\t<\/div>\n\t\t\t\t\t<\/div>\n\t\t<\/section>\n\t\t\t\t<\/div>","protected":false},"excerpt":{"rendered":"<p>Rreth kompanis\u00eb ton\u00eb! Brenda, jasht\u00eb apo mbi objekte, ofrojm\u00eb sh\u00ebrbime p\u00ebrfekte! Semi Cleaning \u00ebsht\u00eb kompani e profesionalizuar n\u00eb ofrimin e sh\u00ebrbimeve si: *Pastrim i xhamave dhe fasad\u00ebs strukturale. *Pastrim gjeneral i objekteve afariste. *Sh\u00ebrbime me kran\u00eb n\u00eb lart\u00ebsi deri n\u00eb 36 metra (brenda dhe jasht\u00eb objekteve). *Sh\u00ebrbime me litar nga \u00e7do lart\u00ebsi me ekip\u00ebn e [&hellip;]<\/p>\n","protected":false},"author":1,"featured_media":0,"parent":0,"menu_order":0,"comment_status":"closed","ping_status":"closed","template":"elementor_header_footer","meta":{"footnotes":""},"class_list":["post-1541","page","type-page","status-publish","hentry"],"yoast_head":"<!-- This site is optimized with the Yoast SEO plugin v27.3 - https:\/\/yoast.com\/product\/yoast-seo-wordpress\/ -->\n<title>Rreth nesh - SEMI CLEANING<\/title>\n<meta name=\"robots\" content=\"index, follow, max-snippet:-1, max-image-preview:large, max-video-preview:-1\" \/>\n<link rel=\"canonical\" href=\"https:\/\/semi-cleaning.com\/en\/rreth-nesh\/\" \/>\n<meta property=\"og:locale\" content=\"en_US\" \/>\n<meta property=\"og:type\" content=\"article\" \/>\n<meta property=\"og:title\" content=\"Rreth nesh - SEMI CLEANING\" \/>\n<meta property=\"og:description\" content=\"Rreth kompanis\u00eb ton\u00eb! Brenda, jasht\u00eb apo mbi objekte, ofrojm\u00eb sh\u00ebrbime p\u00ebrfekte! Semi Cleaning \u00ebsht\u00eb kompani e profesionalizuar n\u00eb ofrimin e sh\u00ebrbimeve si: *Pastrim i xhamave dhe fasad\u00ebs strukturale. *Pastrim gjeneral i objekteve afariste. *Sh\u00ebrbime me kran\u00eb n\u00eb lart\u00ebsi deri n\u00eb 36 metra (brenda dhe jasht\u00eb objekteve). *Sh\u00ebrbime me litar nga \u00e7do lart\u00ebsi me ekip\u00ebn e [&hellip;]\" \/>\n<meta property=\"og:url\" content=\"https:\/\/semi-cleaning.com\/en\/rreth-nesh\/\" \/>\n<meta property=\"og:site_name\" content=\"SEMI CLEANING\" \/>\n<meta property=\"article:publisher\" content=\"https:\/\/www.facebook.com\/SEMI.CLEANING.SH.P.K\" \/>\n<meta property=\"article:modified_time\" content=\"2024-09-29T16:36:32+00:00\" \/>\n<meta property=\"og:image\" content=\"http:\/\/semi-cleaning.com\/wp-content\/uploads\/2024\/09\/WhatsApp-Image-2024-09-29-at-18.36.20_0da3bbed.jpg\" \/>\n<meta name=\"twitter:card\" content=\"summary_large_image\" \/>\n<meta name=\"twitter:label1\" content=\"Est. reading time\" \/>\n\t<meta name=\"twitter:data1\" content=\"2 minutes\" \/>\n<script type=\"application\/ld+json\" class=\"yoast-schema-graph\">{\"@context\":\"https:\\\/\\\/schema.org\",\"@graph\":[{\"@type\":\"WebPage\",\"@id\":\"https:\\\/\\\/semi-cleaning.com\\\/rreth-nesh\\\/\",\"url\":\"https:\\\/\\\/semi-cleaning.com\\\/rreth-nesh\\\/\",\"name\":\"Rreth nesh - SEMI CLEANING\",\"isPartOf\":{\"@id\":\"https:\\\/\\\/semi-cleaning.com\\\/#website\"},\"primaryImageOfPage\":{\"@id\":\"https:\\\/\\\/semi-cleaning.com\\\/rreth-nesh\\\/#primaryimage\"},\"image\":{\"@id\":\"https:\\\/\\\/semi-cleaning.com\\\/rreth-nesh\\\/#primaryimage\"},\"thumbnailUrl\":\"http:\\\/\\\/semi-cleaning.com\\\/wp-content\\\/uploads\\\/2024\\\/09\\\/WhatsApp-Image-2024-09-29-at-18.36.20_0da3bbed.jpg\",\"datePublished\":\"2021-08-29T06:28:33+00:00\",\"dateModified\":\"2024-09-29T16:36:32+00:00\",\"breadcrumb\":{\"@id\":\"https:\\\/\\\/semi-cleaning.com\\\/rreth-nesh\\\/#breadcrumb\"},\"inLanguage\":\"en-US\",\"potentialAction\":[{\"@type\":\"ReadAction\",\"target\":[\"https:\\\/\\\/semi-cleaning.com\\\/rreth-nesh\\\/\"]}]},{\"@type\":\"ImageObject\",\"inLanguage\":\"en-US\",\"@id\":\"https:\\\/\\\/semi-cleaning.com\\\/rreth-nesh\\\/#primaryimage\",\"url\":\"http:\\\/\\\/semi-cleaning.com\\\/wp-content\\\/uploads\\\/2024\\\/09\\\/WhatsApp-Image-2024-09-29-at-18.36.20_0da3bbed.jpg\",\"contentUrl\":\"http:\\\/\\\/semi-cleaning.com\\\/wp-content\\\/uploads\\\/2024\\\/09\\\/WhatsApp-Image-2024-09-29-at-18.36.20_0da3bbed.jpg\"},{\"@type\":\"BreadcrumbList\",\"@id\":\"https:\\\/\\\/semi-cleaning.com\\\/rreth-nesh\\\/#breadcrumb\",\"itemListElement\":[{\"@type\":\"ListItem\",\"position\":1,\"name\":\"Home\",\"item\":\"https:\\\/\\\/semi-cleaning.com\\\/\"},{\"@type\":\"ListItem\",\"position\":2,\"name\":\"Rreth nesh\"}]},{\"@type\":\"WebSite\",\"@id\":\"https:\\\/\\\/semi-cleaning.com\\\/#website\",\"url\":\"https:\\\/\\\/semi-cleaning.com\\\/\",\"name\":\"SEMI CLEANING\",\"description\":\"\",\"publisher\":{\"@id\":\"https:\\\/\\\/semi-cleaning.com\\\/#organization\"},\"potentialAction\":[{\"@type\":\"SearchAction\",\"target\":{\"@type\":\"EntryPoint\",\"urlTemplate\":\"https:\\\/\\\/semi-cleaning.com\\\/?s={search_term_string}\"},\"query-input\":{\"@type\":\"PropertyValueSpecification\",\"valueRequired\":true,\"valueName\":\"search_term_string\"}}],\"inLanguage\":\"en-US\"},{\"@type\":\"Organization\",\"@id\":\"https:\\\/\\\/semi-cleaning.com\\\/#organization\",\"name\":\"SEMI CLEANING\",\"url\":\"https:\\\/\\\/semi-cleaning.com\\\/\",\"logo\":{\"@type\":\"ImageObject\",\"inLanguage\":\"en-US\",\"@id\":\"https:\\\/\\\/semi-cleaning.com\\\/#\\\/schema\\\/logo\\\/image\\\/\",\"url\":\"https:\\\/\\\/semi-cleaning.com\\\/wp-content\\\/uploads\\\/2021\\\/10\\\/LLOGO-1.jpg\",\"contentUrl\":\"https:\\\/\\\/semi-cleaning.com\\\/wp-content\\\/uploads\\\/2021\\\/10\\\/LLOGO-1.jpg\",\"width\":339,\"height\":329,\"caption\":\"SEMI CLEANING\"},\"image\":{\"@id\":\"https:\\\/\\\/semi-cleaning.com\\\/#\\\/schema\\\/logo\\\/image\\\/\"},\"sameAs\":[\"https:\\\/\\\/www.facebook.com\\\/SEMI.CLEANING.SH.P.K\"]}]}<\/script>\n<!-- \/ Yoast SEO plugin. -->","yoast_head_json":{"title":"Rreth nesh - SEMI CLEANING","robots":{"index":"index","follow":"follow","max-snippet":"max-snippet:-1","max-image-preview":"max-image-preview:large","max-video-preview":"max-video-preview:-1"},"canonical":"https:\/\/semi-cleaning.com\/en\/rreth-nesh\/","og_locale":"en_US","og_type":"article","og_title":"Rreth nesh - SEMI CLEANING","og_description":"Rreth kompanis\u00eb ton\u00eb! Brenda, jasht\u00eb apo mbi objekte, ofrojm\u00eb sh\u00ebrbime p\u00ebrfekte! Semi Cleaning \u00ebsht\u00eb kompani e profesionalizuar n\u00eb ofrimin e sh\u00ebrbimeve si: *Pastrim i xhamave dhe fasad\u00ebs strukturale. *Pastrim gjeneral i objekteve afariste. *Sh\u00ebrbime me kran\u00eb n\u00eb lart\u00ebsi deri n\u00eb 36 metra (brenda dhe jasht\u00eb objekteve). *Sh\u00ebrbime me litar nga \u00e7do lart\u00ebsi me ekip\u00ebn e [&hellip;]","og_url":"https:\/\/semi-cleaning.com\/en\/rreth-nesh\/","og_site_name":"SEMI CLEANING","article_publisher":"https:\/\/www.facebook.com\/SEMI.CLEANING.SH.P.K","article_modified_time":"2024-09-29T16:36:32+00:00","og_image":[{"url":"http:\/\/semi-cleaning.com\/wp-content\/uploads\/2024\/09\/WhatsApp-Image-2024-09-29-at-18.36.20_0da3bbed.jpg","type":"","width":"","height":""}],"twitter_card":"summary_large_image","twitter_misc":{"Est. reading time":"2 minutes"},"schema":{"@context":"https:\/\/schema.org","@graph":[{"@type":"WebPage","@id":"https:\/\/semi-cleaning.com\/rreth-nesh\/","url":"https:\/\/semi-cleaning.com\/rreth-nesh\/","name":"Rreth nesh - SEMI CLEANING","isPartOf":{"@id":"https:\/\/semi-cleaning.com\/#website"},"primaryImageOfPage":{"@id":"https:\/\/semi-cleaning.com\/rreth-nesh\/#primaryimage"},"image":{"@id":"https:\/\/semi-cleaning.com\/rreth-nesh\/#primaryimage"},"thumbnailUrl":"http:\/\/semi-cleaning.com\/wp-content\/uploads\/2024\/09\/WhatsApp-Image-2024-09-29-at-18.36.20_0da3bbed.jpg","datePublished":"2021-08-29T06:28:33+00:00","dateModified":"2024-09-29T16:36:32+00:00","breadcrumb":{"@id":"https:\/\/semi-cleaning.com\/rreth-nesh\/#breadcrumb"},"inLanguage":"en-US","potentialAction":[{"@type":"ReadAction","target":["https:\/\/semi-cleaning.com\/rreth-nesh\/"]}]},{"@type":"ImageObject","inLanguage":"en-US","@id":"https:\/\/semi-cleaning.com\/rreth-nesh\/#primaryimage","url":"http:\/\/semi-cleaning.com\/wp-content\/uploads\/2024\/09\/WhatsApp-Image-2024-09-29-at-18.36.20_0da3bbed.jpg","contentUrl":"http:\/\/semi-cleaning.com\/wp-content\/uploads\/2024\/09\/WhatsApp-Image-2024-09-29-at-18.36.20_0da3bbed.jpg"},{"@type":"BreadcrumbList","@id":"https:\/\/semi-cleaning.com\/rreth-nesh\/#breadcrumb","itemListElement":[{"@type":"ListItem","position":1,"name":"Home","item":"https:\/\/semi-cleaning.com\/"},{"@type":"ListItem","position":2,"name":"Rreth nesh"}]},{"@type":"WebSite","@id":"https:\/\/semi-cleaning.com\/#website","url":"https:\/\/semi-cleaning.com\/","name":"SEMI CLEANING","description":"","publisher":{"@id":"https:\/\/semi-cleaning.com\/#organization"},"potentialAction":[{"@type":"SearchAction","target":{"@type":"EntryPoint","urlTemplate":"https:\/\/semi-cleaning.com\/?s={search_term_string}"},"query-input":{"@type":"PropertyValueSpecification","valueRequired":true,"valueName":"search_term_string"}}],"inLanguage":"en-US"},{"@type":"Organization","@id":"https:\/\/semi-cleaning.com\/#organization","name":"SEMI CLEANING","url":"https:\/\/semi-cleaning.com\/","logo":{"@type":"ImageObject","inLanguage":"en-US","@id":"https:\/\/semi-cleaning.com\/#\/schema\/logo\/image\/","url":"https:\/\/semi-cleaning.com\/wp-content\/uploads\/2021\/10\/LLOGO-1.jpg","contentUrl":"https:\/\/semi-cleaning.com\/wp-content\/uploads\/2021\/10\/LLOGO-1.jpg","width":339,"height":329,"caption":"SEMI CLEANING"},"image":{"@id":"https:\/\/semi-cleaning.com\/#\/schema\/logo\/image\/"},"sameAs":["https:\/\/www.facebook.com\/SEMI.CLEANING.SH.P.K"]}]}},"_links":{"self":[{"href":"https:\/\/semi-cleaning.com\/en\/wp-json\/wp\/v2\/pages\/1541","targetHints":{"allow":["GET"]}}],"collection":[{"href":"https:\/\/semi-cleaning.com\/en\/wp-json\/wp\/v2\/pages"}],"about":[{"href":"https:\/\/semi-cleaning.com\/en\/wp-json\/wp\/v2\/types\/page"}],"author":[{"embeddable":true,"href":"https:\/\/semi-cleaning.com\/en\/wp-json\/wp\/v2\/users\/1"}],"replies":[{"embeddable":true,"href":"https:\/\/semi-cleaning.com\/en\/wp-json\/wp\/v2\/comments?post=1541"}],"version-history":[{"count":12,"href":"https:\/\/semi-cleaning.com\/en\/wp-json\/wp\/v2\/pages\/1541\/revisions"}],"predecessor-version":[{"id":3013,"href":"https:\/\/semi-cleaning.com\/en\/wp-json\/wp\/v2\/pages\/1541\/revisions\/3013"}],"wp:attachment":[{"href":"https:\/\/semi-cleaning.com\/en\/wp-json\/wp\/v2\/media?parent=1541"}],"curies":[{"name":"wp","href":"https:\/\/api.w.org\/{rel}","templated":true}]}}