{"id":1447,"date":"2021-08-29T04:53:49","date_gmt":"2021-08-29T04:53:49","guid":{"rendered":"https:\/\/smartdata.tonytemplates.com\/cleaning-service-v3\/demo1\/?page_id=1447"},"modified":"2024-09-29T16:26:59","modified_gmt":"2024-09-29T16:26:59","slug":"sherbimet","status":"publish","type":"page","link":"https:\/\/semi-cleaning.com\/en\/sherbimet\/","title":{"rendered":"Services"},"content":{"rendered":"<div data-elementor-type=\"wp-page\" data-elementor-id=\"1447\" class=\"elementor elementor-1447\">\n\t\t\t\t\t\t<section class=\"elementor-section elementor-top-section elementor-element elementor-element-e7ce0ea elementor-section-full_width elementor-section-height-default elementor-section-height-default\" data-id=\"e7ce0ea\" data-element_type=\"section\" data-e-type=\"section\">\n\t\t\t\t\t\t<div class=\"elementor-container elementor-column-gap-no\">\n\t\t\t\t\t<div class=\"elementor-column elementor-col-100 elementor-top-column elementor-element elementor-element-1ceb098a\" data-id=\"1ceb098a\" data-element_type=\"column\" data-e-type=\"column\">\n\t\t\t<div class=\"elementor-widget-wrap elementor-element-populated\">\n\t\t\t\t\t\t<div class=\"elementor-element elementor-element-6929769e elementor-invisible elementor-widget elementor-widget-cleaning_service_banner\" data-id=\"6929769e\" data-element_type=\"widget\" data-e-type=\"widget\" data-settings=\"{&quot;_animation&quot;:&quot;zoomIn&quot;}\" data-widget_type=\"cleaning_service_banner.default\">\n\t\t\t\t<div class=\"elementor-widget-container\">\n\t\t\t\t\t \n    <div class=\"block\">\n        <div class=\"container\">\n            \t\t\t\t<h2 class=\"text-center h-lg h-decor\">\n\t\t\t\t\tPse neve?\t\t\t\t<\/h2>\n\t\t\t            <div class=\"text-center max-800\">\n                <p class=\"p-lg\">Choose us cause for our reputation of excellence. For more than 15 years, we have earned a name for quality and customer service. The clients we serve rely on us for detail-oriented cleaning services, every time we clean their spaces.<\/p>\n            <\/div>\n                        <div class=\"row services-grid services-mobile-carousel\">\n                                        <div class=\"col-xs-6 col-sm-6 col-md-4 service-box\">\n                                                            <a href=\"https:\/\/semi-cleaning.com\/en\/pastrimi-komercial\/\" target=\"_blank\"  class=\"service-box-img\">\n                                                                <img fetchpriority=\"high\" decoding=\"async\" width=\"960\" height=\"1280\" src=\"https:\/\/semi-cleaning.com\/wp-content\/uploads\/2021\/11\/WhatsApp-Image-2021-10-12-at-20.21.14-3.jpeg\" class=\"attachment-full size-full\" alt=\"\" srcset=\"https:\/\/semi-cleaning.com\/wp-content\/uploads\/2021\/11\/WhatsApp-Image-2021-10-12-at-20.21.14-3.jpeg 960w, https:\/\/semi-cleaning.com\/wp-content\/uploads\/2021\/11\/WhatsApp-Image-2021-10-12-at-20.21.14-3-225x300.jpeg 225w, https:\/\/semi-cleaning.com\/wp-content\/uploads\/2021\/11\/WhatsApp-Image-2021-10-12-at-20.21.14-3-768x1024.jpeg 768w, https:\/\/semi-cleaning.com\/wp-content\/uploads\/2021\/11\/WhatsApp-Image-2021-10-12-at-20.21.14-3-9x12.jpeg 9w, https:\/\/semi-cleaning.com\/wp-content\/uploads\/2021\/11\/WhatsApp-Image-2021-10-12-at-20.21.14-3-362x483.jpeg 362w\" sizes=\"(max-width: 960px) 100vw, 960px\" \/>                                <\/a>\n                                                        <h3 class=\"service-box-title\">Pastrime komerciale<\/h3>\n                            <div class=\"service-box-text\">SEMI Cleaning offers the most accurate cleaning of commercial spaces, including offices, conference rooms, show rooms, shopping malls, etc.<\/div>\n                                                            <a href=\"https:\/\/semi-cleaning.com\/en\/pastrimi-komercial\/\" target=\"_blank\"  class=\"service-box-link\">\n                                                                    <\/a>\n                                                    <\/div>\n                                            <div class=\"col-xs-6 col-sm-6 col-md-4 service-box\">\n                                                            <a href=\"https:\/\/semi-cleaning.com\/en\/pastrimi-gjeneral\/\" target=\"_blank\"  class=\"service-box-img\">\n                                                                <img decoding=\"async\" width=\"240\" height=\"240\" src=\"https:\/\/semi-cleaning.com\/wp-content\/uploads\/2021\/08\/service-img-3.jpg\" class=\"attachment-full size-full\" alt=\"\" srcset=\"https:\/\/semi-cleaning.com\/wp-content\/uploads\/2021\/08\/service-img-3.jpg 240w, https:\/\/semi-cleaning.com\/wp-content\/uploads\/2021\/08\/service-img-3-150x150.jpg 150w\" sizes=\"(max-width: 240px) 100vw, 240px\" \/>                                <\/a>\n                                                        <h3 class=\"service-box-title\">Pastrime gjenerale dhe mir\u00ebmbajtje<\/h3>\n                            <div class=\"service-box-text\">P\u00ebr nj\u00eb fillim t\u00eb mbar\u00eb t\u00eb bisnesit tuaj \u00ebsht\u00eb me rend\u00ebsi past\u00ebrtia e ambientit. \nNuk do t\u00eb zhg\u00ebnjeheni n\u00ebse na kontaktoni p\u00ebr k\u00ebto sh\u00ebrbime. Si dhe ne mund t\u00eb kujdesemi p\u00ebr mir\u00ebmbajtjen e past\u00ebrtis\u00eb edhe n\u00eb vazhdim.\n<\/div>\n                                                            <a href=\"https:\/\/semi-cleaning.com\/en\/pastrimi-gjeneral\/\" target=\"_blank\"  class=\"service-box-link\">\n                                                                    <\/a>\n                                                    <\/div>\n                                            <div class=\"col-xs-6 col-sm-6 col-md-4 service-box\">\n                                                            <a href=\"https:\/\/semi-cleaning.com\/en\/sherbim-kran-korp\/\" target=\"_blank\"  class=\"service-box-img\">\n                                                                <img decoding=\"async\" width=\"1152\" height=\"546\" src=\"https:\/\/semi-cleaning.com\/wp-content\/uploads\/2021\/11\/WhatsApp-Image-2021-10-12-at-20.27.48-1.jpeg\" class=\"attachment-full size-full\" alt=\"\" srcset=\"https:\/\/semi-cleaning.com\/wp-content\/uploads\/2021\/11\/WhatsApp-Image-2021-10-12-at-20.27.48-1.jpeg 1152w, https:\/\/semi-cleaning.com\/wp-content\/uploads\/2021\/11\/WhatsApp-Image-2021-10-12-at-20.27.48-1-300x142.jpeg 300w, https:\/\/semi-cleaning.com\/wp-content\/uploads\/2021\/11\/WhatsApp-Image-2021-10-12-at-20.27.48-1-1024x485.jpeg 1024w, https:\/\/semi-cleaning.com\/wp-content\/uploads\/2021\/11\/WhatsApp-Image-2021-10-12-at-20.27.48-1-768x364.jpeg 768w, https:\/\/semi-cleaning.com\/wp-content\/uploads\/2021\/11\/WhatsApp-Image-2021-10-12-at-20.27.48-1-18x9.jpeg 18w, https:\/\/semi-cleaning.com\/wp-content\/uploads\/2021\/11\/WhatsApp-Image-2021-10-12-at-20.27.48-1-870x412.jpeg 870w\" sizes=\"(max-width: 1152px) 100vw, 1152px\" \/>                                <\/a>\n                                                        <h3 class=\"service-box-title\">Sh\u00ebrbime me Kran - Korp\u00eb<\/h3>\n                            <div class=\"service-box-text\">P\u00ebr \u00e7do nevoj p\u00ebr sh\u00ebrbime brenda apo jasht\u00eb objekteve posedojm\u00eb makineri e sofistikuar kran me korp\u00eb duke filluar nga 2x26m, 34m, 36m spiderlift. <\/div>\n                                                            <a href=\"https:\/\/semi-cleaning.com\/en\/sherbim-kran-korp\/\" target=\"_blank\"  class=\"service-box-link\">\n                                                                    <\/a>\n                                                    <\/div>\n                                <\/div>\n        <\/div>\n    <\/div>\n\t\t\t\t<\/div>\n\t\t\t\t<\/div>\n\t\t\t\t\t<\/div>\n\t\t<\/div>\n\t\t\t\t\t<\/div>\n\t\t<\/section>\n\t\t\t\t<section class=\"elementor-section elementor-top-section elementor-element elementor-element-9edd48d elementor-section-full_width elementor-section-height-default elementor-section-height-default\" data-id=\"9edd48d\" data-element_type=\"section\" data-e-type=\"section\">\n\t\t\t\t\t\t<div class=\"elementor-container elementor-column-gap-no\">\n\t\t\t\t\t<div class=\"elementor-column elementor-col-100 elementor-top-column elementor-element elementor-element-7109a15\" data-id=\"7109a15\" data-element_type=\"column\" data-e-type=\"column\">\n\t\t\t<div class=\"elementor-widget-wrap elementor-element-populated\">\n\t\t\t\t\t\t<div class=\"elementor-element elementor-element-b8afa2a elementor-widget elementor-widget-text-editor\" data-id=\"b8afa2a\" data-element_type=\"widget\" data-e-type=\"widget\" data-widget_type=\"text-editor.default\">\n\t\t\t\t<div class=\"elementor-widget-container\">\n\t\t\t\t\t\t\t\t\t<div class=\"block fullwidth-sm no-pad\"><div class=\"container\"><div class=\"banner-text\"><div>Want to know more about our services, call us on our phones!<br \/><i class=\"icon icon-technology\" style=\"top: 0px;\"><\/i><strong>+383 44 334 824<\/strong><\/div><div><strong>+383 49 658 800<\/strong><\/div><\/div><\/div><\/div>\t\t\t\t\t\t\t\t<\/div>\n\t\t\t\t<\/div>\n\t\t\t\t\t<\/div>\n\t\t<\/div>\n\t\t\t\t\t<\/div>\n\t\t<\/section>\n\t\t\t\t<\/div>","protected":false},"excerpt":{"rendered":"<p>Pse neve? Na zgjidhni p\u00ebr shkak t\u00eb reputacionit ton\u00eb n\u00eb p\u00ebrsosm\u00ebri. P\u00ebr m\u00eb shum\u00eb se 15 vjet, ne kemi fituar nj\u00eb em\u00ebr p\u00ebr cil\u00ebsin\u00eb dhe sh\u00ebrbimin ndaj klientit. Klient\u00ebve t\u00eb cil\u00ebve u sh\u00ebrbejm\u00eb mb\u00ebshteten tek ne p\u00ebr sh\u00ebrbime pastrimi t\u00eb orientuara drejt detajeve, sa her\u00eb q\u00eb pastrojm\u00eb hapsirat e tyre. Pastrime komerciale SEMI Cleaning ofron [&hellip;]<\/p>\n","protected":false},"author":1,"featured_media":0,"parent":0,"menu_order":0,"comment_status":"closed","ping_status":"closed","template":"elementor_header_footer","meta":{"footnotes":""},"class_list":["post-1447","page","type-page","status-publish","hentry"],"yoast_head":"<!-- This site is optimized with the Yoast SEO plugin v27.4 - https:\/\/yoast.com\/product\/yoast-seo-wordpress\/ -->\n<title>Sh\u00ebrbimet - SEMI CLEANING<\/title>\n<meta name=\"robots\" content=\"index, follow, max-snippet:-1, max-image-preview:large, max-video-preview:-1\" \/>\n<link rel=\"canonical\" href=\"https:\/\/semi-cleaning.com\/en\/sherbimet\/\" \/>\n<meta property=\"og:locale\" content=\"en_US\" \/>\n<meta property=\"og:type\" content=\"article\" \/>\n<meta property=\"og:title\" content=\"Sh\u00ebrbimet - SEMI CLEANING\" \/>\n<meta property=\"og:description\" content=\"Pse neve? Na zgjidhni p\u00ebr shkak t\u00eb reputacionit ton\u00eb n\u00eb p\u00ebrsosm\u00ebri. P\u00ebr m\u00eb shum\u00eb se 15 vjet, ne kemi fituar nj\u00eb em\u00ebr p\u00ebr cil\u00ebsin\u00eb dhe sh\u00ebrbimin ndaj klientit. Klient\u00ebve t\u00eb cil\u00ebve u sh\u00ebrbejm\u00eb mb\u00ebshteten tek ne p\u00ebr sh\u00ebrbime pastrimi t\u00eb orientuara drejt detajeve, sa her\u00eb q\u00eb pastrojm\u00eb hapsirat e tyre. Pastrime komerciale SEMI Cleaning ofron [&hellip;]\" \/>\n<meta property=\"og:url\" content=\"https:\/\/semi-cleaning.com\/en\/sherbimet\/\" \/>\n<meta property=\"og:site_name\" content=\"SEMI CLEANING\" \/>\n<meta property=\"article:publisher\" content=\"https:\/\/www.facebook.com\/SEMI.CLEANING.SH.P.K\" \/>\n<meta property=\"article:modified_time\" content=\"2024-09-29T16:26:59+00:00\" \/>\n<meta property=\"og:image\" content=\"http:\/\/semi-cleaning.com\/wp-content\/uploads\/2021\/11\/WhatsApp-Image-2021-10-12-at-20.21.14-3.jpeg\" \/>\n<meta name=\"twitter:card\" content=\"summary_large_image\" \/>\n<meta name=\"twitter:label1\" content=\"Est. reading time\" \/>\n\t<meta name=\"twitter:data1\" content=\"2 minutes\" \/>\n<script type=\"application\/ld+json\" class=\"yoast-schema-graph\">{\"@context\":\"https:\\\/\\\/schema.org\",\"@graph\":[{\"@type\":\"WebPage\",\"@id\":\"https:\\\/\\\/semi-cleaning.com\\\/sherbimet\\\/\",\"url\":\"https:\\\/\\\/semi-cleaning.com\\\/sherbimet\\\/\",\"name\":\"Sh\u00ebrbimet - SEMI CLEANING\",\"isPartOf\":{\"@id\":\"https:\\\/\\\/semi-cleaning.com\\\/#website\"},\"primaryImageOfPage\":{\"@id\":\"https:\\\/\\\/semi-cleaning.com\\\/sherbimet\\\/#primaryimage\"},\"image\":{\"@id\":\"https:\\\/\\\/semi-cleaning.com\\\/sherbimet\\\/#primaryimage\"},\"thumbnailUrl\":\"http:\\\/\\\/semi-cleaning.com\\\/wp-content\\\/uploads\\\/2021\\\/11\\\/WhatsApp-Image-2021-10-12-at-20.21.14-3.jpeg\",\"datePublished\":\"2021-08-29T04:53:49+00:00\",\"dateModified\":\"2024-09-29T16:26:59+00:00\",\"breadcrumb\":{\"@id\":\"https:\\\/\\\/semi-cleaning.com\\\/sherbimet\\\/#breadcrumb\"},\"inLanguage\":\"en-US\",\"potentialAction\":[{\"@type\":\"ReadAction\",\"target\":[\"https:\\\/\\\/semi-cleaning.com\\\/sherbimet\\\/\"]}]},{\"@type\":\"ImageObject\",\"inLanguage\":\"en-US\",\"@id\":\"https:\\\/\\\/semi-cleaning.com\\\/sherbimet\\\/#primaryimage\",\"url\":\"http:\\\/\\\/semi-cleaning.com\\\/wp-content\\\/uploads\\\/2021\\\/11\\\/WhatsApp-Image-2021-10-12-at-20.21.14-3.jpeg\",\"contentUrl\":\"http:\\\/\\\/semi-cleaning.com\\\/wp-content\\\/uploads\\\/2021\\\/11\\\/WhatsApp-Image-2021-10-12-at-20.21.14-3.jpeg\"},{\"@type\":\"BreadcrumbList\",\"@id\":\"https:\\\/\\\/semi-cleaning.com\\\/sherbimet\\\/#breadcrumb\",\"itemListElement\":[{\"@type\":\"ListItem\",\"position\":1,\"name\":\"Home\",\"item\":\"https:\\\/\\\/semi-cleaning.com\\\/\"},{\"@type\":\"ListItem\",\"position\":2,\"name\":\"Sh\u00ebrbimet\"}]},{\"@type\":\"WebSite\",\"@id\":\"https:\\\/\\\/semi-cleaning.com\\\/#website\",\"url\":\"https:\\\/\\\/semi-cleaning.com\\\/\",\"name\":\"SEMI CLEANING\",\"description\":\"\",\"publisher\":{\"@id\":\"https:\\\/\\\/semi-cleaning.com\\\/#organization\"},\"potentialAction\":[{\"@type\":\"SearchAction\",\"target\":{\"@type\":\"EntryPoint\",\"urlTemplate\":\"https:\\\/\\\/semi-cleaning.com\\\/?s={search_term_string}\"},\"query-input\":{\"@type\":\"PropertyValueSpecification\",\"valueRequired\":true,\"valueName\":\"search_term_string\"}}],\"inLanguage\":\"en-US\"},{\"@type\":\"Organization\",\"@id\":\"https:\\\/\\\/semi-cleaning.com\\\/#organization\",\"name\":\"SEMI CLEANING\",\"url\":\"https:\\\/\\\/semi-cleaning.com\\\/\",\"logo\":{\"@type\":\"ImageObject\",\"inLanguage\":\"en-US\",\"@id\":\"https:\\\/\\\/semi-cleaning.com\\\/#\\\/schema\\\/logo\\\/image\\\/\",\"url\":\"https:\\\/\\\/semi-cleaning.com\\\/wp-content\\\/uploads\\\/2021\\\/10\\\/LLOGO-1.jpg\",\"contentUrl\":\"https:\\\/\\\/semi-cleaning.com\\\/wp-content\\\/uploads\\\/2021\\\/10\\\/LLOGO-1.jpg\",\"width\":339,\"height\":329,\"caption\":\"SEMI CLEANING\"},\"image\":{\"@id\":\"https:\\\/\\\/semi-cleaning.com\\\/#\\\/schema\\\/logo\\\/image\\\/\"},\"sameAs\":[\"https:\\\/\\\/www.facebook.com\\\/SEMI.CLEANING.SH.P.K\"]}]}<\/script>\n<!-- \/ Yoast SEO plugin. -->","yoast_head_json":{"title":"Sh\u00ebrbimet - SEMI CLEANING","robots":{"index":"index","follow":"follow","max-snippet":"max-snippet:-1","max-image-preview":"max-image-preview:large","max-video-preview":"max-video-preview:-1"},"canonical":"https:\/\/semi-cleaning.com\/en\/sherbimet\/","og_locale":"en_US","og_type":"article","og_title":"Sh\u00ebrbimet - SEMI CLEANING","og_description":"Pse neve? Na zgjidhni p\u00ebr shkak t\u00eb reputacionit ton\u00eb n\u00eb p\u00ebrsosm\u00ebri. P\u00ebr m\u00eb shum\u00eb se 15 vjet, ne kemi fituar nj\u00eb em\u00ebr p\u00ebr cil\u00ebsin\u00eb dhe sh\u00ebrbimin ndaj klientit. Klient\u00ebve t\u00eb cil\u00ebve u sh\u00ebrbejm\u00eb mb\u00ebshteten tek ne p\u00ebr sh\u00ebrbime pastrimi t\u00eb orientuara drejt detajeve, sa her\u00eb q\u00eb pastrojm\u00eb hapsirat e tyre. Pastrime komerciale SEMI Cleaning ofron [&hellip;]","og_url":"https:\/\/semi-cleaning.com\/en\/sherbimet\/","og_site_name":"SEMI CLEANING","article_publisher":"https:\/\/www.facebook.com\/SEMI.CLEANING.SH.P.K","article_modified_time":"2024-09-29T16:26:59+00:00","og_image":[{"url":"http:\/\/semi-cleaning.com\/wp-content\/uploads\/2021\/11\/WhatsApp-Image-2021-10-12-at-20.21.14-3.jpeg","type":"","width":"","height":""}],"twitter_card":"summary_large_image","twitter_misc":{"Est. reading time":"2 minutes"},"schema":{"@context":"https:\/\/schema.org","@graph":[{"@type":"WebPage","@id":"https:\/\/semi-cleaning.com\/sherbimet\/","url":"https:\/\/semi-cleaning.com\/sherbimet\/","name":"Sh\u00ebrbimet - SEMI CLEANING","isPartOf":{"@id":"https:\/\/semi-cleaning.com\/#website"},"primaryImageOfPage":{"@id":"https:\/\/semi-cleaning.com\/sherbimet\/#primaryimage"},"image":{"@id":"https:\/\/semi-cleaning.com\/sherbimet\/#primaryimage"},"thumbnailUrl":"http:\/\/semi-cleaning.com\/wp-content\/uploads\/2021\/11\/WhatsApp-Image-2021-10-12-at-20.21.14-3.jpeg","datePublished":"2021-08-29T04:53:49+00:00","dateModified":"2024-09-29T16:26:59+00:00","breadcrumb":{"@id":"https:\/\/semi-cleaning.com\/sherbimet\/#breadcrumb"},"inLanguage":"en-US","potentialAction":[{"@type":"ReadAction","target":["https:\/\/semi-cleaning.com\/sherbimet\/"]}]},{"@type":"ImageObject","inLanguage":"en-US","@id":"https:\/\/semi-cleaning.com\/sherbimet\/#primaryimage","url":"http:\/\/semi-cleaning.com\/wp-content\/uploads\/2021\/11\/WhatsApp-Image-2021-10-12-at-20.21.14-3.jpeg","contentUrl":"http:\/\/semi-cleaning.com\/wp-content\/uploads\/2021\/11\/WhatsApp-Image-2021-10-12-at-20.21.14-3.jpeg"},{"@type":"BreadcrumbList","@id":"https:\/\/semi-cleaning.com\/sherbimet\/#breadcrumb","itemListElement":[{"@type":"ListItem","position":1,"name":"Home","item":"https:\/\/semi-cleaning.com\/"},{"@type":"ListItem","position":2,"name":"Sh\u00ebrbimet"}]},{"@type":"WebSite","@id":"https:\/\/semi-cleaning.com\/#website","url":"https:\/\/semi-cleaning.com\/","name":"SEMI CLEANING","description":"","publisher":{"@id":"https:\/\/semi-cleaning.com\/#organization"},"potentialAction":[{"@type":"SearchAction","target":{"@type":"EntryPoint","urlTemplate":"https:\/\/semi-cleaning.com\/?s={search_term_string}"},"query-input":{"@type":"PropertyValueSpecification","valueRequired":true,"valueName":"search_term_string"}}],"inLanguage":"en-US"},{"@type":"Organization","@id":"https:\/\/semi-cleaning.com\/#organization","name":"SEMI CLEANING","url":"https:\/\/semi-cleaning.com\/","logo":{"@type":"ImageObject","inLanguage":"en-US","@id":"https:\/\/semi-cleaning.com\/#\/schema\/logo\/image\/","url":"https:\/\/semi-cleaning.com\/wp-content\/uploads\/2021\/10\/LLOGO-1.jpg","contentUrl":"https:\/\/semi-cleaning.com\/wp-content\/uploads\/2021\/10\/LLOGO-1.jpg","width":339,"height":329,"caption":"SEMI CLEANING"},"image":{"@id":"https:\/\/semi-cleaning.com\/#\/schema\/logo\/image\/"},"sameAs":["https:\/\/www.facebook.com\/SEMI.CLEANING.SH.P.K"]}]}},"_links":{"self":[{"href":"https:\/\/semi-cleaning.com\/en\/wp-json\/wp\/v2\/pages\/1447","targetHints":{"allow":["GET"]}}],"collection":[{"href":"https:\/\/semi-cleaning.com\/en\/wp-json\/wp\/v2\/pages"}],"about":[{"href":"https:\/\/semi-cleaning.com\/en\/wp-json\/wp\/v2\/types\/page"}],"author":[{"embeddable":true,"href":"https:\/\/semi-cleaning.com\/en\/wp-json\/wp\/v2\/users\/1"}],"replies":[{"embeddable":true,"href":"https:\/\/semi-cleaning.com\/en\/wp-json\/wp\/v2\/comments?post=1447"}],"version-history":[{"count":9,"href":"https:\/\/semi-cleaning.com\/en\/wp-json\/wp\/v2\/pages\/1447\/revisions"}],"predecessor-version":[{"id":2998,"href":"https:\/\/semi-cleaning.com\/en\/wp-json\/wp\/v2\/pages\/1447\/revisions\/2998"}],"wp:attachment":[{"href":"https:\/\/semi-cleaning.com\/en\/wp-json\/wp\/v2\/media?parent=1447"}],"curies":[{"name":"wp","href":"https:\/\/api.w.org\/{rel}","templated":true}]}}